{"id":826,"date":"2019-05-15T15:47:37","date_gmt":"2019-05-15T15:47:37","guid":{"rendered":"https:\/\/www.labor.com.pl\/?page_id=826"},"modified":"2019-05-15T15:55:46","modified_gmt":"2019-05-15T15:55:46","slug":"polityka-cookies","status":"publish","type":"page","link":"https:\/\/www.labor.com.pl\/pl\/polityka-cookies\/","title":{"rendered":"Polityka Cookies"},"content":{"rendered":"<p>[et_pb_section bb_built=&#8221;1&#8243;][et_pb_row][et_pb_column type=&#8221;4_4&#8243;][et_pb_text _builder_version=&#8221;3.19.15&#8243;]<\/p>\n<h1><strong>POLITYKA COOKIES<\/strong><\/h1>\n<p>W Labor Przedsi\u0119biorstwo Farmaceutyczno-Chemiczne Sp\u00f3\u0142ka z o.o u\u017cywamy ciasteczek z wielu powod\u00f3w, g\u0142\u00f3wnie po to, by wspiera\u0107 dzia\u0142anie naszej strony i zrozumie\u0107, jak Ty i inni u\u017cytkownicy strony korzystaj\u0105 z naszych materia\u0142\u00f3w oraz \u017ceby m\u00f3c przygotowa\u0107 \u00a0wiadomo\u015bci reklamowe skrojone na miar\u0119. Poni\u017cej znajdziesz wi\u0119cej informacji na temat tego, jak wykorzystujemy ciasteczka.<br \/>Ciasteczko (Cookie) to niewielki wycinek kodu wys\u0142any na Twoje urz\u0105dzenia za pomoc\u0105 serwera, kt\u00f3ry zbiera niekt\u00f3re informacje o tym, jak przegl\u0105dasz strony internetowe.<br \/>Okre\u015blenie &#8222;ciasteczko&#8221; lub &#8222;cookie&#8221; dotyczy ka\u017cdej technologii, kt\u00f3ra zbiera informacje z Twojego urz\u0105dzenia m.in. informacje o korzystaniu z aplikacji i stron internetowych lub dane Twojego urz\u0105dzenia np. jego ID, adres IP, typ przegl\u0105darki, dane\u00a0 demograficzne i mo\u017ce zbiera\u0107 tak\u017ce linki URL.<br \/>Nasze wykorzystanie pikseli mierz\u0105cych i tagowania pozwala nam r\u00f3wnie\u017c okre\u015bli\u0107 liczb\u0119 os\u00f3b odwiedzaj\u0105cych stron\u0119. Nigdy nie s\u0142u\u017c\u0105 one temu, by zbiera\u0107 Twoje dane osobowe bez Twojej zgody.\u00a0<\/p>\n<h2>NIEZB\u0118DNE CIASTECZKA<\/h2>\n<p>Tego typu ciasteczka s\u0105 niezb\u0119dne dla funkcjonowania strony www.\u00a0 Bez nich, strona nie mog\u0142aby \u0142adowa\u0107 si\u0119 poprawnie. Te ciasteczka nie zbieraj\u0105 \u017cadnych danych na Tw\u00f3j temat, kt\u00f3re mog\u0142yby by\u0107 wykorzystane w celach marketingowych lub zachowania informacji, jakie strony przegl\u0105dasz w Internecie. U\u017cywamy ich jedynie do:<br \/>&#8211; Zapami\u0119tywania informacji , kt\u00f3re pozostawi\u0142e\u015b podczas przegl\u0105dania r\u00f3\u017cnych stron w ramach jednej sesji na naszej stronie<br \/>&#8211; Identyfikowania Ciebie jako osoby zalogowanej na naszej stronie<\/p>\n<h2>PERFORMANCE COOKIES<\/h2>\n<p>Tego typu ciasteczka zbieraj\u0105 informacje dotycz\u0105ce tego, jak korzystasz z naszej strony. Pami\u0119taj, \u017ce te dane s\u0105 anonimowe. U\u017cywamy ich jedynie do:<br \/>&#8211; Zbierania statystyk, w jaki spos\u00f3b nasza strona jest u\u017cywana<br \/>&#8211; Sprawdzenia jak skuteczne s\u0105 nasze reklamy (nie u\u017cywamy ich jednak do targetowania reklam do Ciebie, gdy odwiedzasz inne strony ni\u017c nasza)<br \/>&#8211; Poprawienia funkcjonowania naszej strony<br \/>&#8211; Testowania r\u00f3\u017cnych rozwi\u0105za\u0144 na stronie<\/p>\n<h2>FUNCTIONALITY COOKIES<\/h2>\n<p>Tego typu ciasteczka s\u0142u\u017c\u0105 do zapami\u0119tywania ustawie\u0144 i dostarczania rozwi\u0105za\u0144, kt\u00f3rych zadaniem jest zoptymalizowa\u0107 dzia\u0142anie strony. U\u017cywamy ich jedynie do:<br \/>&#8211; Zapami\u0119tywania ustawie\u0144, kt\u00f3re wybra\u0142e\u015b np. layout, j\u0119zyk, preferencje.<br \/>&#8211; Zapami\u0119tywania, czy ju\u017c zapytali\u015bmy Ci\u0119 o wype\u0142nienie ankiety na naszej stronie.<br \/>&#8211; Pokazywania, \u017ce jeste\u015b zalogowany na naszej stronie.<br \/>&#8211; Dzielenie si\u0119 informacjami z partnerami, kt\u00f3rzy dostarczaj\u0105 rozwi\u0105za\u0144 na naszej stronie. Wtedy s\u0105 one wykorzystywane jedynie do \u015bwiadczenia us\u0142ug, produkt\u00f3w i rozwi\u0105za\u0144 powi\u0105zanych z nasz\u0105 stron\u0105 i w \u017cadnym innym celu.\u00a0<\/p>\n<h2>TARGETING COOKIES<\/h2>\n<p>Tego typu ciasteczka s\u0105 powi\u0105zane z us\u0142ugami stron trzecich np. przycisk 'Polub&#8217; i przycisk 'Udost\u0119pnij&#8217;. \u00a0Te funkcjonalno\u015bci s\u0105 dostarczane przez strony trzecie w zamian za informacj\u0119, \u017ce odwiedzi\u0142e\u015b nasz\u0105 stron\u0119. U\u017cywamy ich jedynie do:<br \/>&#8211; Po\u0142\u0105czenia z sieciami spo\u0142eczno\u015bciowymi takimi jak Facebook, kt\u00f3re mog\u0105 wykorzysta\u0107\u00a0 informacj\u0119 o Twojej obecno\u015bci na naszej stronie do wy\u015bwietlania Ci targetowanych reklam na innych stronach.<br \/>&#8211; Trzecie strony wykorzystuj\u0105 je tak\u017ce do dostarczania danych o Twojej wizycie na naszej stronie agencjom reklamowym, kt\u00f3re mog\u0105 wy\u015bwietla\u0107 Ci reklamy, kt\u00f3rymi jeste\u015b zainteresowany.\u00a0\u00a0<\/p>\n<p>\u00a0<\/p>\n<p>[\/et_pb_text][\/et_pb_column][\/et_pb_row][\/et_pb_section]<\/p>\n","protected":false},"excerpt":{"rendered":"<p>[et_pb_section bb_built=&#8221;1&#8243;][et_pb_row][et_pb_column type=&#8221;4_4&#8243;][et_pb_text _builder_version=&#8221;3.19.15&#8243;] POLITYKA COOKIES W Labor Przedsi\u0119biorstwo Farmaceutyczno-Chemiczne Sp\u00f3\u0142ka z o.o u\u017cywamy ciasteczek z wielu powod\u00f3w, g\u0142\u00f3wnie po to, by wspiera\u0107 dzia\u0142anie naszej strony i zrozumie\u0107, jak Ty i inni u\u017cytkownicy strony korzystaj\u0105 z naszych materia\u0142\u00f3w oraz \u017ceby m\u00f3c przygotowa\u0107 \u00a0wiadomo\u015bci reklamowe skrojone na miar\u0119. Poni\u017cej znajdziesz wi\u0119cej informacji na temat tego, jak [&hellip;]<\/p>\n","protected":false},"author":1,"featured_media":0,"parent":0,"menu_order":0,"comment_status":"closed","ping_status":"closed","template":"","meta":{"_et_pb_use_builder":"on","_et_pb_old_content":""},"_links":{"self":[{"href":"https:\/\/www.labor.com.pl\/pl\/wp-json\/wp\/v2\/pages\/826"}],"collection":[{"href":"https:\/\/www.labor.com.pl\/pl\/wp-json\/wp\/v2\/pages"}],"about":[{"href":"https:\/\/www.labor.com.pl\/pl\/wp-json\/wp\/v2\/types\/page"}],"author":[{"embeddable":true,"href":"https:\/\/www.labor.com.pl\/pl\/wp-json\/wp\/v2\/users\/1"}],"replies":[{"embeddable":true,"href":"https:\/\/www.labor.com.pl\/pl\/wp-json\/wp\/v2\/comments?post=826"}],"version-history":[{"count":3,"href":"https:\/\/www.labor.com.pl\/pl\/wp-json\/wp\/v2\/pages\/826\/revisions"}],"predecessor-version":[{"id":830,"href":"https:\/\/www.labor.com.pl\/pl\/wp-json\/wp\/v2\/pages\/826\/revisions\/830"}],"wp:attachment":[{"href":"https:\/\/www.labor.com.pl\/pl\/wp-json\/wp\/v2\/media?parent=826"}],"curies":[{"name":"wp","href":"https:\/\/api.w.org\/{rel}","templated":true}]}}