{"id":579,"date":"2019-04-07T12:49:54","date_gmt":"2019-04-07T12:49:54","guid":{"rendered":"https:\/\/www.labor.com.pl\/?page_id=579"},"modified":"2021-01-31T19:43:50","modified_gmt":"2021-01-31T19:43:50","slug":"zgloszenie-dzialan-niepozadanych-dla-lekarza","status":"publish","type":"page","link":"https:\/\/www.labor.com.pl\/pl\/zgloszenie-dzialan-niepozadanych-dla-lekarza\/","title":{"rendered":"Zg\u0142oszenie dzia\u0142a\u0144 niepo\u017c\u0105danych dla lekarza"},"content":{"rendered":"<p>[et_pb_section bb_built=&#8221;1&#8243;][et_pb_row][et_pb_column type=&#8221;4_4&#8243;][et_pb_text _builder_version=&#8221;3.19.15&#8243; header_text_color=&#8221;#006ab0&#8243;]<\/p>\n<h1>Zg\u0142oszenie dzia\u0142a\u0144 niepo\u017c\u0105danych dla lekarza<\/h1>\n<p>[\/et_pb_text][et_pb_text _builder_version=&#8221;3.19.15&#8243;]<\/p>\n<div class=\"wpb_text_column wpb_content_element \">\n<div class=\"wpb_wrapper\">\n<p>W przypadku podejrzenia wyst\u0105pienia dzia\u0142ania niepo\u017c\u0105danego, po zastosowaniu kt\u00f3regokolwiek produktu leczniczego naszej firmy, uprzejmie prosimy o niezw\u0142oczne zg\u0142oszenie tego faktu.<\/p>\n<\/div>\n<\/div>\n<div class=\"wpb_text_column wpb_content_element \">\n<div class=\"wpb_wrapper\">\n<p>Realizuj\u0105c obowi\u0105zek monitorowania bezpiecze\u0144stwa stosowania produkt\u00f3w leczniczych oraz wykazuj\u0105c dba\u0142o\u015b\u0107 o pacjenta na podstawie Ustawy Prawo farmaceutyczne, uprzejmie prosimy o wype\u0142nienie poni\u017cszego formularza i przes\u0142anie go poczt\u0105 elektroniczn\u0105, faksem lub listownie na adres naszej firmy:<\/p>\n<p>tel. 605\u00a0101\u00a0522 lub 71\u00a0325 30 85<br \/>fax: 71\u00a0326 14 57<br \/>Labor Przedsi\u0119biorstwo Farmaceutyczno-Chemiczne Sp. z o.o. <br \/>ul. D\u0142ugosza 49, 51-162 Wroc\u0142aw<\/p>\n<p><strong><a href=\"https:\/\/www.labor.com.pl\/wp-content\/uploads\/2019\/04\/Formularz-CIOMS-.docx\">Formularz CIOMS<\/a><\/strong><\/p>\n<\/div>\n<\/div>\n<p>[\/et_pb_text][\/et_pb_column][\/et_pb_row][\/et_pb_section]<\/p>\n","protected":false},"excerpt":{"rendered":"<p>[et_pb_section bb_built=&#8221;1&#8243;][et_pb_row][et_pb_column type=&#8221;4_4&#8243;][et_pb_text _builder_version=&#8221;3.19.15&#8243; header_text_color=&#8221;#006ab0&#8243;] Zg\u0142oszenie dzia\u0142a\u0144 niepo\u017c\u0105danych dla lekarza [\/et_pb_text][et_pb_text _builder_version=&#8221;3.19.15&#8243;] W przypadku podejrzenia wyst\u0105pienia dzia\u0142ania niepo\u017c\u0105danego, po zastosowaniu kt\u00f3regokolwiek produktu leczniczego naszej firmy, uprzejmie prosimy o niezw\u0142oczne zg\u0142oszenie tego faktu. Realizuj\u0105c obowi\u0105zek monitorowania bezpiecze\u0144stwa stosowania produkt\u00f3w leczniczych oraz wykazuj\u0105c dba\u0142o\u015b\u0107 o pacjenta na podstawie Ustawy Prawo farmaceutyczne, uprzejmie prosimy o wype\u0142nienie poni\u017cszego formularza [&hellip;]<\/p>\n","protected":false},"author":1,"featured_media":0,"parent":0,"menu_order":0,"comment_status":"closed","ping_status":"closed","template":"","meta":{"_et_pb_use_builder":"on","_et_pb_old_content":""},"_links":{"self":[{"href":"https:\/\/www.labor.com.pl\/pl\/wp-json\/wp\/v2\/pages\/579"}],"collection":[{"href":"https:\/\/www.labor.com.pl\/pl\/wp-json\/wp\/v2\/pages"}],"about":[{"href":"https:\/\/www.labor.com.pl\/pl\/wp-json\/wp\/v2\/types\/page"}],"author":[{"embeddable":true,"href":"https:\/\/www.labor.com.pl\/pl\/wp-json\/wp\/v2\/users\/1"}],"replies":[{"embeddable":true,"href":"https:\/\/www.labor.com.pl\/pl\/wp-json\/wp\/v2\/comments?post=579"}],"version-history":[{"count":6,"href":"https:\/\/www.labor.com.pl\/pl\/wp-json\/wp\/v2\/pages\/579\/revisions"}],"predecessor-version":[{"id":1327,"href":"https:\/\/www.labor.com.pl\/pl\/wp-json\/wp\/v2\/pages\/579\/revisions\/1327"}],"wp:attachment":[{"href":"https:\/\/www.labor.com.pl\/pl\/wp-json\/wp\/v2\/media?parent=579"}],"curies":[{"name":"wp","href":"https:\/\/api.w.org\/{rel}","templated":true}]}}