{"id":513,"date":"2019-04-07T12:38:21","date_gmt":"2019-04-07T12:38:21","guid":{"rendered":"https:\/\/www.labor.com.pl\/?page_id=513"},"modified":"2021-01-02T14:59:43","modified_gmt":"2021-01-02T14:59:43","slug":"zgloszenie-dzialan-niepozadanych-dla-pacjenta","status":"publish","type":"page","link":"https:\/\/www.labor.com.pl\/pl\/zgloszenie-dzialan-niepozadanych-dla-pacjenta\/","title":{"rendered":"Zg\u0142oszenie dzia\u0142a\u0144 niepo\u017c\u0105danych dla pacjenta"},"content":{"rendered":"<p>[et_pb_section bb_built=&#8221;1&#8243;][et_pb_row][et_pb_column type=&#8221;4_4&#8243;][et_pb_text _builder_version=&#8221;3.19.15&#8243; header_text_color=&#8221;#006ab0&#8243; header_font=&#8221;|600|||||||&#8221;]<\/p>\n<h1>Zg\u0142oszenie dzia\u0142a\u0144 niepo\u017c\u0105danych dla pacjenta<\/h1>\n<p>[\/et_pb_text][\/et_pb_column][\/et_pb_row][et_pb_row][et_pb_column type=&#8221;4_4&#8243;][et_pb_text _builder_version=&#8221;3.19.15&#8243;]<\/p>\n<div class=\"wpb_text_column wpb_content_element \">\n<div class=\"wpb_wrapper\">\n<p>W trosce o zdrowie pacjent\u00f3w oraz zgodnie z obowi\u0105zuj\u0105c\u0105 Ustaw\u0105 Prawo farmaceutyczne, w ramach nadzoru nad bezpiecze\u0144stwem farmakoterapii,\u00a0Labor Przedsi\u0119biorstwo Farmaceutyczno-Chemiczne Sp. z o.o. zbiera wszystkie informacje dotycz\u0105ce dzia\u0142a\u0144 niepo\u017c\u0105danych, kt\u00f3re wyst\u0105pi\u0142y w wyniku stosowania produkt\u00f3w leczniczych naszej firmy. Analiza i ocena tych danych pozwoli nam podejmowa\u0107 odpowiednie dzia\u0142ania w celu minimalizacji skutk\u00f3w ubocznych terapii i poprawi bezpiecze\u0144stwo stosowania naszych lek\u00f3w.<\/p>\n<p>Uprzejmie prosimy o zg\u0142aszanie do nas ka\u017cdego zaobserwowanego u siebie dzia\u0142ania niepo\u017c\u0105danego leku oraz ka\u017cdej innej informacji dotycz\u0105cej bezpiecze\u0144stwa stosowania leku naszej firmy.<br \/><strong>Dzia\u0142aniem niepo\u017c\u0105danym produktu leczniczego nazywamy ka\u017cde niekorzystne i niezamierzone dzia\u0142anie produktu leczniczego.<\/strong><\/p>\n<p><strong>W celu zg\u0142oszenia dzia\u0142ania niepo\u017c\u0105danego prosimy wys\u0142a\u0107 wiadomo\u015b\u0107 na podany adres email: ndl@labor.com.pl<br \/><\/strong><\/p>\n<p>W tre\u015bci wiadomo\u015bci prosimy o umieszczenie podstawowych informacji:<\/p>\n<ol>\n<li>Nazw\u0119 produktu leczniczego, kt\u00f3rego zastosowanie spowodowa\u0142o wyst\u0105pienie dzia\u0142ania niepo\u017c\u0105danego,<\/li>\n<li>Opis dzia\u0142ania niepo\u017c\u0105danego (jakie niepo\u017c\u0105dane objawy obserwowa\u0142 pacjent i w jakim czasie po zastosowaniu leku wyst\u0105pi\u0142y),<\/li>\n<li>Dane identyfikacyjne i kontaktowe pacjenta oraz dane osoby zg\u0142aszaj\u0105cej: inicja\u0142y, p\u0142e\u0107, wiek oraz dane do kontaktu adres e-mail lub numer telefonu pacjenta.<\/li>\n<\/ol>\n<\/div>\n<\/div>\n<div class=\"wpb_text_column wpb_content_element \">\n<div class=\"wpb_wrapper\">\n<p><strong>Mo\u017cna r\u00f3wnie\u017c wype\u0142ni\u0107\u00a0Formularz kontaktowy, kt\u00f3ry znajduje si\u0119 poni\u017cej:<br \/><\/strong><\/p>\n<p>W celu przyj\u0119cia zg\u0142oszenia dzia\u0142ania niepo\u017c\u0105danego produktu leczniczego Labor Przedsi\u0119biorstwo Farmaceutyczno-Chemiczne Sp. z o.o. niezb\u0119dne jest podanie Pa\u0144stwa danych osobowych.<\/p>\n<p>Podane w formularzu dane b\u0119d\u0105 przetwarzane przez\u00a0Labor Przedsi\u0119biorstwo Farmaceutyczno-Chemiczne Sp. z o.o. jako administratora danych osobowych.<\/p>\n<p>Pa\u0144stwa dane b\u0119d\u0105 przetwarzane na podstawie Ustawy z dnia 10 maja 2018 r. o ochronie danych osobowych i art. 6 ust. 1 lit. c i art. 9 ust. 2 lit. i Rozporz\u0105dzenia UE 2016\/679 z 27 kwietnia 2016 r.,<\/p>\n<p>Dane te b\u0119d\u0105 przetwarzane wy\u0142\u0105cznie do cel\u00f3w zwi\u0105zanych z przyj\u0119ciem zg\u0142oszenia oraz monitorowaniem bezpiecze\u0144stwa stosowania produkt\u00f3w leczniczych, zgodnie z przepisami Ustawy Prawo Farmaceutyczne z dnia 6 wrze\u015bnia 2001 r. Jakiekolwiek dalsze przekazywanie informacji o dzia\u0142aniu niepo\u017c\u0105danym innym podmiotom, w tym w szczeg\u00f3lno\u015bci organom administracji, w celu wykonania obowi\u0105zk\u00f3w wynikaj\u0105cych z przepis\u00f3w prawa, nast\u0119puje w formie anonimowej bez Pani\/Pana danych osobowych.<\/p>\n<p>Podanie Pa\u0144stwa danych jest dobrowolne, jednak niezb\u0119dne do realizacji w\/w celu zgodnie z art. 36e ustawy z 6 wrze\u015bnia 2001 r. Prawo farmaceutyczne.<\/p>\n<p>Podanie danych osobowych przez osoby wykonuj\u0105ce zaw\u00f3d medyczny jest obowi\u0105zkowe.<\/p>\n<p>Informujemy, i\u017c Pani\/a dane NIE b\u0119d\u0105 przekazywane innym podmiotom oraz \u017ce ma Pani\/Pan prawo dost\u0119pu do tre\u015bci swoich danych, prawo ich poprawiania, prawo sprzeciwu wobec ich przetwarzania w wy\u017cej opisanym celu, a tak\u017ce prawo za\u017c\u0105dania zaprzestania przetwarzania i usuni\u0119cia swoich danych osobowych.<\/p>\n<\/div>\n<\/div>\n<p>[\/et_pb_text][\/et_pb_column][\/et_pb_row][et_pb_row][et_pb_column type=&#8221;4_4&#8243;][et_pb_text _builder_version=&#8221;3.19.15&#8243;]<\/p>\n<div class=\"wpforms-container wpforms-container-full\" id=\"wpforms-577\"><form id=\"wpforms-form-577\" class=\"wpforms-validate wpforms-form\" data-formid=\"577\" method=\"post\" enctype=\"multipart\/form-data\" action=\"\/pl\/wp-json\/wp\/v2\/pages\/513\"><div class=\"wpforms-field-container\"><div id=\"wpforms-577-field_3-container\" class=\"wpforms-field wpforms-field-text\" data-field-id=\"3\"><label class=\"wpforms-field-label\" for=\"wpforms-577-field_3\">Nazwa produktu <span class=\"wpforms-required-label\">*<\/span><\/label><input type=\"text\" id=\"wpforms-577-field_3\" class=\"wpforms-field-medium wpforms-field-required\" name=\"wpforms[fields][3]\" required><\/div><div id=\"wpforms-577-field_4-container\" class=\"wpforms-field wpforms-field-textarea\" data-field-id=\"4\"><label class=\"wpforms-field-label\" for=\"wpforms-577-field_4\">Opis dzia\u0142ania <span class=\"wpforms-required-label\">*<\/span><\/label><textarea id=\"wpforms-577-field_4\" class=\"wpforms-field-medium wpforms-field-required\" name=\"wpforms[fields][4]\" required><\/textarea><\/div><div id=\"wpforms-577-field_0-container\" class=\"wpforms-field wpforms-field-name\" data-field-id=\"0\"><label class=\"wpforms-field-label\" for=\"wpforms-577-field_0\">Inicja\u0142y lub Imi\u0119 i Nazwisko <span class=\"wpforms-required-label\">*<\/span><\/label><div class=\"wpforms-field-row wpforms-field-medium\"><div class=\"wpforms-field-row-block wpforms-first wpforms-one-half\"><input type=\"text\" id=\"wpforms-577-field_0\" class=\"wpforms-field-name-first wpforms-field-required\" name=\"wpforms[fields][0][first]\" required><label for=\"wpforms-577-field_0\" class=\"wpforms-field-sublabel after \">First<\/label><\/div><div class=\"wpforms-field-row-block wpforms-one-half\"><input type=\"text\" id=\"wpforms-577-field_0-last\" class=\"wpforms-field-name-last wpforms-field-required\" name=\"wpforms[fields][0][last]\" required><label for=\"wpforms-577-field_0-last\" class=\"wpforms-field-sublabel after \">Last<\/label><\/div><\/div><\/div><div id=\"wpforms-577-field_2-container\" class=\"wpforms-field wpforms-field-radio\" data-field-id=\"2\"><label class=\"wpforms-field-label\" for=\"wpforms-577-field_2\">P\u0142e\u0107 <span class=\"wpforms-required-label\">*<\/span><\/label><ul id=\"wpforms-577-field_2\" class=\"wpforms-field-required\"><li class=\"choice-1 depth-1\"><input type=\"radio\" id=\"wpforms-577-field_2_1\" name=\"wpforms[fields][2]\" value=\"Kobieta\" required ><label class=\"wpforms-field-label-inline\" for=\"wpforms-577-field_2_1\">Kobieta<\/label><\/li><li class=\"choice-2 depth-1\"><input type=\"radio\" id=\"wpforms-577-field_2_2\" name=\"wpforms[fields][2]\" value=\"M\u0119\u017cczyzna\" required ><label class=\"wpforms-field-label-inline\" for=\"wpforms-577-field_2_2\">M\u0119\u017cczyzna<\/label><\/li><\/ul><\/div><div id=\"wpforms-577-field_7-container\" class=\"wpforms-field wpforms-field-text\" data-field-id=\"7\"><label class=\"wpforms-field-label\" for=\"wpforms-577-field_7\">Wiek <span class=\"wpforms-required-label\">*<\/span><\/label><input type=\"text\" id=\"wpforms-577-field_7\" class=\"wpforms-field-medium wpforms-field-required\" name=\"wpforms[fields][7]\" required><\/div><div id=\"wpforms-577-field_8-container\" class=\"wpforms-field wpforms-field-text\" data-field-id=\"8\"><label class=\"wpforms-field-label\" for=\"wpforms-577-field_8\">Dane kontaktowe e-mail lub telefon (copy) <span class=\"wpforms-required-label\">*<\/span><\/label><input type=\"text\" id=\"wpforms-577-field_8\" class=\"wpforms-field-medium wpforms-field-required\" name=\"wpforms[fields][8]\" required><\/div><div id=\"wpforms-577-field_9-container\" class=\"wpforms-field wpforms-field-radio\" data-field-id=\"9\"><label class=\"wpforms-field-label\" for=\"wpforms-577-field_9\">Zgoda na przetwarzanie danych <span class=\"wpforms-required-label\">*<\/span><\/label><ul id=\"wpforms-577-field_9\" class=\"wpforms-field-required\"><li class=\"choice-1 depth-1\"><input type=\"radio\" id=\"wpforms-577-field_9_1\" name=\"wpforms[fields][9]\" value=\"O\u015bwiadczam, \u017ce zapozna\u0142em si\u0119 i akceptuj\u0119 tre\u015b\u0107 Polityka Prywatno\u015bci i Warunki U\u017cytkowania witryny labor.com.pl oraz wyra\u017cam zgod\u0119 na przetwarzanie moich danych osobowych w celu \u015bwiadczenia us\u0142ug przez Labor Przedsi\u0119biorstwo Farmaceutyczno-Cheminczne Sp. z o.o. *  Administratorem danych osobowych jest Labor Przedsi\u0119biorstwo Farmaceutyczno-Cheminczne Sp. z o.o. z siedzib\u0105 w przy ul. Jana D\u0142ugosza 49, 51-162 Wroc\u0142aw. Podanie danych jest dobrowolne. Osobie, kt\u00f3rej dane dotycz\u0105 przys\u0142uguje prawo wgl\u0105du do danych osobowych oraz ich poprawienia. *pola wymagane\" required ><label class=\"wpforms-field-label-inline\" for=\"wpforms-577-field_9_1\">O\u015bwiadczam, \u017ce zapozna\u0142em si\u0119 i akceptuj\u0119 tre\u015b\u0107 Polityka Prywatno\u015bci i Warunki U\u017cytkowania witryny labor.com.pl oraz wyra\u017cam zgod\u0119 na przetwarzanie moich danych osobowych w celu \u015bwiadczenia us\u0142ug przez Labor Przedsi\u0119biorstwo Farmaceutyczno-Cheminczne Sp. z o.o. *  Administratorem danych osobowych jest Labor Przedsi\u0119biorstwo Farmaceutyczno-Cheminczne Sp. z o.o. z siedzib\u0105 w przy ul. Jana D\u0142ugosza 49, 51-162 Wroc\u0142aw. Podanie danych jest dobrowolne. Osobie, kt\u00f3rej dane dotycz\u0105 przys\u0142uguje prawo wgl\u0105du do danych osobowych oraz ich poprawienia. *pola wymagane<\/label><\/li><\/ul><\/div><\/div><div class=\"wpforms-field wpforms-field-hp\"><label for=\"wpforms-577-field-hp\" class=\"wpforms-field-label\">Comment<\/label><input type=\"text\" name=\"wpforms[hp]\" id=\"wpforms-577-field-hp\" class=\"wpforms-field-medium\"><\/div><div class=\"wpforms-submit-container\" ><input type=\"hidden\" name=\"wpforms[id]\" value=\"577\"><input type=\"hidden\" name=\"wpforms[author]\" value=\"1\"><button type=\"submit\" name=\"wpforms[submit]\" class=\"wpforms-submit \" id=\"wpforms-submit-577\" value=\"wpforms-submit\" aria-live=\"assertive\" data-alt-text=\"Wysy\u0142anie...\" data-submit-text=\"Wy\u015blij\">Wy\u015blij<\/button><\/div><\/form><\/div>  <!-- .wpforms-container -->\n<p>[\/et_pb_text][\/et_pb_column][\/et_pb_row][et_pb_row][et_pb_column type=&#8221;4_4&#8243;][et_pb_text _builder_version=&#8221;3.19.15&#8243;]<\/p>\n<p><strong>Zg\u0142oszenia dzia\u0142ania niepo\u017c\u0105danego mo\u017cna dokona\u0107 r\u00f3wnie\u017c dzwoni\u0105c lub wysy\u0142aj\u0105c faks na numer:<\/strong><br \/>tel. 605\u00a0101\u00a0522 lub 71\u00a0325 30 85<br \/>fax: 71\u00a0326 14 57<br \/><strong>lub listownie na adres naszej firmy:<\/strong><br \/>Labor Przedsi\u0119biorstwo Farmaceutyczno-Chemiczne Sp. z o.o. <br \/>ul. D\u0142ugosza 49, 51-162 Wroc\u0142aw<\/p>\n<p><strong>UWAGA<\/strong>: Podane numery telefon\u00f3w, faksu oraz adres e-mailowy nie s\u0142u\u017c\u0105 do udzielania porad i konsultacji medycznych. W przypadku pyta\u0144 czy w\u0105tpliwo\u015bci nale\u017cy zwr\u00f3ci\u0107 si\u0119 o porad\u0119 do lekarza.<\/p>\n<p>[\/et_pb_text][\/et_pb_column][\/et_pb_row][\/et_pb_section]<\/p>\n","protected":false},"excerpt":{"rendered":"<p>[et_pb_section bb_built=&#8221;1&#8243;][et_pb_row][et_pb_column type=&#8221;4_4&#8243;][et_pb_text _builder_version=&#8221;3.19.15&#8243; header_text_color=&#8221;#006ab0&#8243; header_font=&#8221;|600|||||||&#8221;] Zg\u0142oszenie dzia\u0142a\u0144 niepo\u017c\u0105danych dla pacjenta [\/et_pb_text][\/et_pb_column][\/et_pb_row][et_pb_row][et_pb_column type=&#8221;4_4&#8243;][et_pb_text _builder_version=&#8221;3.19.15&#8243;] W trosce o zdrowie pacjent\u00f3w oraz zgodnie z obowi\u0105zuj\u0105c\u0105 Ustaw\u0105 Prawo farmaceutyczne, w ramach nadzoru nad bezpiecze\u0144stwem farmakoterapii,\u00a0Labor Przedsi\u0119biorstwo Farmaceutyczno-Chemiczne Sp. z o.o. zbiera wszystkie informacje dotycz\u0105ce dzia\u0142a\u0144 niepo\u017c\u0105danych, kt\u00f3re wyst\u0105pi\u0142y w wyniku stosowania produkt\u00f3w leczniczych naszej firmy. Analiza i ocena [&hellip;]<\/p>\n","protected":false},"author":1,"featured_media":0,"parent":0,"menu_order":0,"comment_status":"closed","ping_status":"closed","template":"","meta":{"_et_pb_use_builder":"on","_et_pb_old_content":""},"_links":{"self":[{"href":"https:\/\/www.labor.com.pl\/pl\/wp-json\/wp\/v2\/pages\/513"}],"collection":[{"href":"https:\/\/www.labor.com.pl\/pl\/wp-json\/wp\/v2\/pages"}],"about":[{"href":"https:\/\/www.labor.com.pl\/pl\/wp-json\/wp\/v2\/types\/page"}],"author":[{"embeddable":true,"href":"https:\/\/www.labor.com.pl\/pl\/wp-json\/wp\/v2\/users\/1"}],"replies":[{"embeddable":true,"href":"https:\/\/www.labor.com.pl\/pl\/wp-json\/wp\/v2\/comments?post=513"}],"version-history":[{"count":15,"href":"https:\/\/www.labor.com.pl\/pl\/wp-json\/wp\/v2\/pages\/513\/revisions"}],"predecessor-version":[{"id":1325,"href":"https:\/\/www.labor.com.pl\/pl\/wp-json\/wp\/v2\/pages\/513\/revisions\/1325"}],"wp:attachment":[{"href":"https:\/\/www.labor.com.pl\/pl\/wp-json\/wp\/v2\/media?parent=513"}],"curies":[{"name":"wp","href":"https:\/\/api.w.org\/{rel}","templated":true}]}}